{"id":7,"date":"2020-02-07T11:26:27","date_gmt":"2020-02-07T08:26:27","guid":{"rendered":"https:\/\/zetaproje.com\/tr\/?page_id=7"},"modified":"2024-04-03T16:27:06","modified_gmt":"2024-04-03T13:27:06","slug":"iletisim","status":"publish","type":"page","link":"https:\/\/www.zetaproje.com\/tr\/iletisim\/","title":{"rendered":"\u0130LET\u0130\u015e\u0130M"},"content":{"rendered":"\n<div class=\"innerpage-wrapper contact-wrapper\">\n  <div class=\"container\">\n    <div class=\"row\">\n  <div class=\"col-lg-4 col-md-6\">\n    <div class=\"contact-box text-center mb-30\"> <i class=\"fas fa-map-marker-alt\"><\/i>\n      <h3>Adres<\/h3>\n      <p>Kud\u00fcs Caddesi Park Oran Konutlar\u0131 A2\/56 Oran\/ANKARA<br><br><\/p>\n     \n    <\/div>\n  <\/div>\n  <div class=\"col-lg-4 col-md-6\">\n    <div class=\"contact-box text-center mb-30\"> <i class=\"fas fa-phone\"><\/i>\n      <h3>Telefon<\/h3>\n      <p> 0533 397 38 88<br><br><br><\/p>\n    <\/div>\n  <\/div>\n  <div class=\"col-lg-4 col-md-6\">\n    <div class=\"contact-box text-center mb-30\"> <i class=\"fas fa-envelope\"><\/i>\n      <h3>E-Posta<\/h3>\n      <p>info@zetaproje.com.tr<br><br><br><\/p>\n     \n    <\/div>\n  <\/div>\n<\/div>\n  <\/div>\n<\/div>\n<iframe src=\"https:\/\/www.google.com\/maps\/embed?pb=!1m18!1m12!1m3!1d3063.241603767999!2d32.83158357583827!3d39.846418371537005!2m3!1f0!2f0!3f0!3m2!1i1024!2i768!4f13.1!3m3!1m2!1s0x14d3455796c67833%3A0xded6bffd310bd5d0!2sZeta%20Proje%20M%C3%BChendislik!5e0!3m2!1str!2str!4v1712150831271!5m2!1str!2str\" width=\"100%\" height=\"250\" style=\"border:0;\" allowfullscreen=\"\" loading=\"lazy\" referrerpolicy=\"no-referrer-when-downgrade\"><\/iframe><br><br>\n\n\n\n<h3 class=\"has-text-align-center\">Mesaj\u0131n\u0131z\u0131 \u0130letin<\/h3>\n\n\n\n\n<div class=\"wpcf7 no-js\" id=\"wpcf7-f372-o1\" lang=\"tr-TR\" dir=\"ltr\">\n<div class=\"screen-reader-response\"><p role=\"status\" aria-live=\"polite\" aria-atomic=\"true\"><\/p> <ul><\/ul><\/div>\n<form action=\"\/tr\/wp-json\/wp\/v2\/pages\/7#wpcf7-f372-o1\" method=\"post\" class=\"wpcf7-form init\" aria-label=\"Contact form\" novalidate=\"novalidate\" data-status=\"init\">\n<div style=\"display: none;\">\n<input type=\"hidden\" name=\"_wpcf7\" value=\"372\" \/>\n<input type=\"hidden\" name=\"_wpcf7_version\" value=\"5.7.7\" \/>\n<input type=\"hidden\" name=\"_wpcf7_locale\" value=\"tr_TR\" \/>\n<input type=\"hidden\" name=\"_wpcf7_unit_tag\" value=\"wpcf7-f372-o1\" \/>\n<input type=\"hidden\" name=\"_wpcf7_container_post\" value=\"0\" \/>\n<input type=\"hidden\" name=\"_wpcf7_posted_data_hash\" value=\"\" \/>\n<\/div>\n<div class=\"row\" style=\"margin: 20px 8px 0 8px;border: 1px solid #b12c32;\">\n\t<div class=\"col-md-6\" style=\"margin-top: 20px;\">\n\t\t<p><label> Ad Soyad*<br \/>\n<span class=\"wpcf7-form-control-wrap\" data-name=\"your-name\"><input size=\"40\" class=\"wpcf7-form-control wpcf7-text wpcf7-validates-as-required\" aria-required=\"true\" aria-invalid=\"false\" value=\"\" type=\"text\" name=\"your-name\" \/><\/span> <\/label>\n\t\t<\/p>\n\t\t<p><label> Cep Telefonu*<br \/>\n<span class=\"wpcf7-form-control-wrap\" data-name=\"tel-482\"><input size=\"40\" class=\"wpcf7-form-control wpcf7-text wpcf7-tel wpcf7-validates-as-required wpcf7-validates-as-tel\" aria-required=\"true\" aria-invalid=\"false\" value=\"\" type=\"tel\" name=\"tel-482\" \/><\/span> <\/label>\n\t\t<\/p>\n\t\t<p><label> \u0130\u015f Telefonu<br \/>\n<span class=\"wpcf7-form-control-wrap\" data-name=\"tel-483\"><input size=\"40\" class=\"wpcf7-form-control wpcf7-text wpcf7-tel wpcf7-validates-as-tel\" aria-invalid=\"false\" value=\"\" type=\"tel\" name=\"tel-483\" \/><\/span> <\/label>\n\t\t<\/p>\n\t\t<p><label> E-Posta Adresi*<br \/>\n<span class=\"wpcf7-form-control-wrap\" data-name=\"your-email\"><input size=\"40\" class=\"wpcf7-form-control wpcf7-text wpcf7-email wpcf7-validates-as-required wpcf7-validates-as-email\" aria-required=\"true\" aria-invalid=\"false\" value=\"\" type=\"email\" name=\"your-email\" \/><\/span> <\/label>\n\t\t<\/p>\n\t<\/div>\n\t<div class=\"col-md-6\" style=\"margin-top: 20px;\">\n\t\t<p><label> Konu*<br \/>\n<span class=\"wpcf7-form-control-wrap\" data-name=\"your-subject\"><input size=\"40\" class=\"wpcf7-form-control wpcf7-text\" aria-invalid=\"false\" value=\"\" type=\"text\" name=\"your-subject\" \/><\/span> <\/label>\n\t\t<\/p>\n\t\t<p><label> Mesaj\u0131n\u0131z<br \/>\n<span class=\"wpcf7-form-control-wrap\" data-name=\"your-message\"><textarea cols=\"40\" rows=\"10\" class=\"wpcf7-form-control wpcf7-textarea\" aria-invalid=\"false\" name=\"your-message\"><\/textarea><\/span> <\/label>\n\t\t<\/p>\n\t<\/div>\n<\/div>\n<div class=\"row\" style=\"margin: -29px 8px 0 8px;\">\n\t<div class=\"col-md-12\">\n\t\t<p><input class=\"wpcf7-form-control has-spinner wpcf7-submit\" type=\"submit\" value=\"G\u00f6nder\" \/>\n\t\t<\/p>\n\t<\/div>\n<\/div><div class=\"wpcf7-response-output\" aria-hidden=\"true\"><\/div>\n<\/form>\n<\/div>\n\n","protected":false},"excerpt":{"rendered":"<p>Adres Kud\u00fcs Caddesi Park Oran Konutlar\u0131 A2\/56 Oran\/ANKARA Telefon 0533 397 38 88 E-Posta info@zetaproje.com.tr Mesaj\u0131n\u0131z\u0131 \u0130letin<\/p>\n","protected":false},"author":1,"featured_media":0,"parent":0,"menu_order":0,"comment_status":"closed","ping_status":"closed","template":"","meta":[],"_links":{"self":[{"href":"https:\/\/www.zetaproje.com\/tr\/wp-json\/wp\/v2\/pages\/7"}],"collection":[{"href":"https:\/\/www.zetaproje.com\/tr\/wp-json\/wp\/v2\/pages"}],"about":[{"href":"https:\/\/www.zetaproje.com\/tr\/wp-json\/wp\/v2\/types\/page"}],"author":[{"embeddable":true,"href":"https:\/\/www.zetaproje.com\/tr\/wp-json\/wp\/v2\/users\/1"}],"replies":[{"embeddable":true,"href":"https:\/\/www.zetaproje.com\/tr\/wp-json\/wp\/v2\/comments?post=7"}],"version-history":[{"count":21,"href":"https:\/\/www.zetaproje.com\/tr\/wp-json\/wp\/v2\/pages\/7\/revisions"}],"predecessor-version":[{"id":790,"href":"https:\/\/www.zetaproje.com\/tr\/wp-json\/wp\/v2\/pages\/7\/revisions\/790"}],"wp:attachment":[{"href":"https:\/\/www.zetaproje.com\/tr\/wp-json\/wp\/v2\/media?parent=7"}],"curies":[{"name":"wp","href":"https:\/\/api.w.org\/{rel}","templated":true}]}}