{"id":49,"date":"2020-02-07T12:29:56","date_gmt":"2020-02-07T09:29:56","guid":{"rendered":"https:\/\/zetaproje.com\/tr\/?page_id=49"},"modified":"2020-10-07T16:25:30","modified_gmt":"2020-10-07T13:25:30","slug":"hakkimizda","status":"publish","type":"page","link":"https:\/\/www.zetaproje.com\/tr\/hakkimizda\/","title":{"rendered":"HAKKIMIZDA"},"content":{"rendered":"\n<h5 style=\"color:#000\"><strong>Hakk\u0131m\u0131zda<\/strong><\/h5>\n\n\n\n<p>Zeta&nbsp;Proje M\u00fchendislik Ltd. \u015eti. 2001 y\u0131l\u0131nda kurulmu\u015f&nbsp;olup kuruldu\u011fu g\u00fcnden bug\u00fcne&nbsp;\u00e7e\u015fitli jeofizik y\u00f6ntemlerini kullanarak&nbsp;et\u00fct ve arama \u00e7al\u0131\u015fmalar\u0131 yapm\u0131\u015f ve halen de yapmaya devam etmektedir.&nbsp;Firmam\u0131z, konusunda uzman ve&nbsp;uluslar aras\u0131 tecr\u00fcbeye sahip olan Sn. Tu\u011frul Tokg\u00f6z\u2019\u00fcn 2005 y\u0131l\u0131nda aram\u0131za&nbsp;kat\u0131lmas\u0131ndan itibaren \u00e7e\u015fitli kurum ve kurulu\u015flar\u0131n maden, jeotermal enerji, k\u00f6m\u00fcr&nbsp;ve&nbsp;end\u00fcstriyel hammaddeleri&nbsp;et\u00fct ve arama projelerine hizmet etmek ve katk\u0131 sa\u011flamak \u00fczere faaliyetlerini&nbsp;s\u00fcrd\u00fcrmektedir.<\/p>\n\n\n\n<p>Merkezi Ankara\u2019da bulunan&nbsp;ve&nbsp;\u00e7e\u015fitli et\u00fct ve arama projelerinde ba\u015far\u0131l\u0131&nbsp;\u00e7al\u0131\u015fmalara imza atan&nbsp;\u015firketimiz&nbsp;kalite ve m\u00fc\u015fteri memnuniyetini bir araya getiren bir marka olmu\u015f ve bunu s\u00fcrd\u00fcrmeye&nbsp;devam etmektedir.<\/p><br>\n\n\n\n<h5 style=\"color:#000\"><strong>Vizyonumuz<\/strong><\/h5>\n\n\n\n<p><p>Zeta&nbsp;Proje M\u00fchendislik Ltd. \u015eti. maden, jeotermal&nbsp;enerji, k\u00f6m\u00fcr&nbsp;ve&nbsp;end\u00fcstriyel hammaddeleri&nbsp;et\u00fct ve aramalar\u0131nda yapm\u0131\u015f oldu\u011fu&nbsp;\u00e7al\u0131\u015fmalarla kendini kan\u0131tlam\u0131\u015ft\u0131r. \u00dclkemizde&nbsp;et\u00fct ve arama&nbsp;faaliyetlerinde liderli\u011fini s\u00fcrd\u00fcren \u015firketimiz \u00f6n\u00fcm\u00fczdeki y\u0131llarda&nbsp;benzer jeofizik et\u00fct ve arama \u00e7al\u0131\u015fmalar\u0131n\u0131 \u00fclke d\u0131\u015f\u0131nda da yapmay\u0131&nbsp;hedeflemektedir.<\/p><br><\/p>\n\n\n\n<h5 style=\"color:#000\"><strong>Misyonumuz<\/strong><\/h5>\n\n\n\n<p><p>Zeta&nbsp;Projenin ilkesi,&nbsp;ge\u00e7mi\u015fte oldu\u011fu gibi gelecekte de g\u00fcvenilirlik,&nbsp;\u00e7al\u0131\u015fanlara,&nbsp;m\u00fc\u015fterilere,&nbsp;\u00e7evreye&nbsp;ve halkla ili\u015fkilere&nbsp;gereken \u00f6zeni ve duyarl\u0131l\u0131\u011f\u0131 g\u00f6stererek her zaman&nbsp;ve&nbsp;her yerde \u00f6ne \u00e7\u0131kmakt\u0131r.&nbsp;\u015eirketimiz her projeye uygun \u00e7\u00f6z\u00fcm\u00fcreterek,&nbsp;\u00e7al\u0131\u015fmalarda &nbsp;ileri&nbsp;ve geli\u015fmi\u015f&nbsp;teknolojileri,&nbsp;de\u011ferlendirme ve yorumlama&nbsp;tekniklerini kullanarak&nbsp;m\u00fc\u015fteri memnuniyetini sa\u011flamay\u0131 ama\u00e7lamaktad\u0131r.<\/p> <br><\/p>\n\n\n\n<h5 style=\"color:#000\"><strong>\u015eirketimiz<\/strong><\/h5>\n\n\n\n<div class=\"is-layout-flex wp-container-5 wp-block-columns\">\n<div class=\"is-layout-flow wp-block-column\">\n<div class=\"wp-block-image\"><figure class=\"aligncenter size-large\"><img decoding=\"async\" src=\"https:\/\/zetaproje.com\/tr\/wp-content\/uploads\/2020\/09\/okey1.png\" alt=\"\" class=\"wp-image-265\" style=\"max-width: 80%;\"><\/figure><\/div>\n\n\n\n<p style=\"text-align: center;    font-size: 17px;\">D\u00fcr\u00fcst ve g\u00fcvenilir \u00e7al\u0131\u015fmak<\/p>\n<\/div>\n\n\n\n<div class=\"is-layout-flow wp-block-column\">\n<div class=\"wp-block-image\"><figure class=\"aligncenter size-large\"><img decoding=\"async\" src=\"https:\/\/zetaproje.com\/tr\/wp-content\/uploads\/2020\/09\/adamlar1.png\" alt=\"\" class=\"wp-image-264\" style=\"max-width: 80%;\"><\/figure><\/div>\n\n\n\n<p style=\"text-align: center;    font-size: 17px;\">\u00c7al\u0131\u015fanlara, m\u00fc\u015fterilere ve \u00e7evremize kar\u015f\u0131 sorumlu davranmak<\/p>\n<\/div>\n\n\n\n<div class=\"is-layout-flow wp-block-column\">\n<div class=\"wp-block-image\"><figure class=\"aligncenter size-large\"><img decoding=\"async\" src=\"https:\/\/zetaproje.com\/tr\/wp-content\/uploads\/2020\/09\/ag1.png\" alt=\"\" class=\"wp-image-267\" style=\"max-width: 80%;\"><\/figure><\/div>\n\n\n\n<p style=\"text-align: center;    font-size: 17px;\">En son teknolojileri  kullanmak<\/p>\n<\/div>\n\n\n\n<div class=\"is-layout-flow wp-block-column\">\n<div class=\"wp-block-image\"><figure class=\"aligncenter size-large\"><img decoding=\"async\" src=\"https:\/\/zetaproje.com\/tr\/wp-content\/uploads\/2020\/09\/memnuniyet1.png\" alt=\"\" class=\"wp-image-268\" style=\"max-width: 80%;\"><\/figure><\/div>\n\n\n\n<p style=\"text-align: center;    font-sini ze: 17px;\">M\u00fc\u015fteri memnuniyetini  sa\u011flamak<\/p>\n<\/div>\n<\/div>\n\n\n\n<p><\/p>\n","protected":false},"excerpt":{"rendered":"<p>Hakk\u0131m\u0131zda Zeta&nbsp;Proje M\u00fchendislik Ltd. \u015eti. 2001 y\u0131l\u0131nda kurulmu\u015f&nbsp;olup kuruldu\u011fu g\u00fcnden bug\u00fcne&nbsp;\u00e7e\u015fitli jeofizik y\u00f6ntemlerini kullanarak&nbsp;et\u00fct ve arama \u00e7al\u0131\u015fmalar\u0131 yapm\u0131\u015f ve halen de yapmaya devam etmektedir.&nbsp;Firmam\u0131z, konusunda uzman ve&nbsp;uluslar aras\u0131 tecr\u00fcbeye sahip olan Sn. Tu\u011frul Tokg\u00f6z\u2019\u00fcn 2005 y\u0131l\u0131nda aram\u0131za&nbsp;kat\u0131lmas\u0131ndan itibaren \u00e7e\u015fitli kurum ve kurulu\u015flar\u0131n maden, jeotermal enerji, k\u00f6m\u00fcr&nbsp;ve&nbsp;end\u00fcstriyel hammaddeleri&nbsp;et\u00fct ve arama projelerine hizmet etmek ve katk\u0131 sa\u011flamak [&hellip;]<\/p>\n","protected":false},"author":1,"featured_media":0,"parent":0,"menu_order":0,"comment_status":"closed","ping_status":"closed","template":"","meta":[],"_links":{"self":[{"href":"https:\/\/www.zetaproje.com\/tr\/wp-json\/wp\/v2\/pages\/49"}],"collection":[{"href":"https:\/\/www.zetaproje.com\/tr\/wp-json\/wp\/v2\/pages"}],"about":[{"href":"https:\/\/www.zetaproje.com\/tr\/wp-json\/wp\/v2\/types\/page"}],"author":[{"embeddable":true,"href":"https:\/\/www.zetaproje.com\/tr\/wp-json\/wp\/v2\/users\/1"}],"replies":[{"embeddable":true,"href":"https:\/\/www.zetaproje.com\/tr\/wp-json\/wp\/v2\/comments?post=49"}],"version-history":[{"count":30,"href":"https:\/\/www.zetaproje.com\/tr\/wp-json\/wp\/v2\/pages\/49\/revisions"}],"predecessor-version":[{"id":778,"href":"https:\/\/www.zetaproje.com\/tr\/wp-json\/wp\/v2\/pages\/49\/revisions\/778"}],"wp:attachment":[{"href":"https:\/\/www.zetaproje.com\/tr\/wp-json\/wp\/v2\/media?parent=49"}],"curies":[{"name":"wp","href":"https:\/\/api.w.org\/{rel}","templated":true}]}}