{"id":352,"date":"2020-07-02T21:43:56","date_gmt":"2020-07-02T18:43:56","guid":{"rendered":"https:\/\/zetaproje.com\/tr\/?page_id=352"},"modified":"2020-09-04T12:21:30","modified_gmt":"2020-09-04T09:21:30","slug":"hizmetlerimiz","status":"publish","type":"page","link":"https:\/\/www.zetaproje.com\/tr\/hizmetlerimiz\/","title":{"rendered":"H\u0130ZMETLER\u0130M\u0130Z"},"content":{"rendered":"\n<div class=\"is-layout-flex wp-container-4 wp-block-columns\">\n<div class=\"is-layout-flow wp-block-column\" style=\"flex-basis:45%\">\n<h5><strong>Faaliyetlerimiz<\/strong><\/h5>\n\n\n\n<p>\u2022 Metalik Maden Aramalar\u0131<br>\u2022 Jeotermal enerji hammaddesi aramalar\u0131<br> \u2022 Yeralt\u0131 suyu aramalar\u0131<br> \u2022 End\u00fcstriyel hammadde aramalar\u0131<br> \u2022 K\u00f6m\u00fcr aramalar\u0131<br> \u2022 Fay et\u00fctleri<br> \u2022 Mermer, kire\u00e7ta\u015f\u0131 ve yap\u0131 malzemeleri oca\u011f\u0131 et\u00fctleri<br> \u2022 Karstik ve yeralt\u0131 bo\u015fluklar\u0131 et\u00fctleri   <br> \u2022 Petrol ve do\u011falgaz aramalar\u0131<\/p>\n<\/div>\n\n\n\n<div class=\"is-layout-flow wp-block-column\" style=\"flex-basis:35%\">\n<h5><strong>Yer Elektrik Y\u00f6ntemleri &nbsp;<\/strong><\/h5>\n\n\n\n<p> \u2022 IP\/Rezistivite (IP\/R)<br> \u2022 Kuyu i\u00e7i IP\/Rezistivite<br> \u2022 Rezistivite Profili (RP)<br> \u2022 D\u00fc\u015fey Elektrik Sondaj\u0131 (DES)<br> \u2022 D\u00fc\u015fey Elektrik Sondaj\u0131-IP (DES-IP)<br> \u2022 Mise-a-la Masse (DC Rezistivite)<br> \u2022 Do\u011fal U\u00e7la\u015fma (DU,SP)<\/p>\n<\/div>\n\n\n\n<div class=\"is-layout-flow wp-block-column\" style=\"flex-basis:20%\">\n<h5><strong>Manyetik <br>Gravite <br>Sismik<\/strong><\/h5>\n<\/div>\n<\/div>\n\n\n\n<div class=\"rl-gallery-container rl-loading\" id=\"rl-gallery-container-1\" data-gallery_id=\"385\"> <div class=\"rl-gallery rl-basicgrid-gallery \" id=\"rl-gallery-1\" data-gallery_no=\"1\"> <div class=\"rl-gallery-item\"><a href=\"https:\/\/www.zetaproje.com\/tr\/wp-content\/uploads\/2020\/07\/IPR2-scaled.jpg\" title=\"\" data-rl_title=\"\" class=\"rl-gallery-link\" data-rl_caption=\"\" data-rel=\"lightbox-gallery-1\"><img src=\"https:\/\/www.zetaproje.com\/tr\/wp-content\/uploads\/2020\/07\/IPR2-scaled.jpg\" width=\"2560\" height=\"1920\" alt=\"\" \/><\/a><\/div><div class=\"rl-gallery-item\"><a href=\"https:\/\/www.zetaproje.com\/tr\/wp-content\/uploads\/2020\/07\/IPR3.jpg\" title=\"\" data-rl_title=\"\" class=\"rl-gallery-link\" data-rl_caption=\"\" data-rel=\"lightbox-gallery-1\"><img src=\"https:\/\/www.zetaproje.com\/tr\/wp-content\/uploads\/2020\/07\/IPR3.jpg\" width=\"960\" height=\"720\" alt=\"\" \/><\/a><\/div><div class=\"rl-gallery-item\"><a href=\"https:\/\/www.zetaproje.com\/tr\/wp-content\/uploads\/2020\/07\/IPR4.jpg\" title=\"\" data-rl_title=\"\" class=\"rl-gallery-link\" data-rl_caption=\"\" data-rel=\"lightbox-gallery-1\"><img src=\"https:\/\/www.zetaproje.com\/tr\/wp-content\/uploads\/2020\/07\/IPR4.jpg\" width=\"1280\" height=\"720\" alt=\"\" \/><\/a><\/div><div class=\"rl-gallery-item\"><a href=\"https:\/\/www.zetaproje.com\/tr\/wp-content\/uploads\/2020\/07\/IPR5.jpg\" title=\"\" data-rl_title=\"\" class=\"rl-gallery-link\" data-rl_caption=\"\" data-rel=\"lightbox-gallery-1\"><img src=\"https:\/\/www.zetaproje.com\/tr\/wp-content\/uploads\/2020\/07\/IPR5.jpg\" width=\"1128\" height=\"1504\" alt=\"\" \/><\/a><\/div><div class=\"rl-gallery-item\"><a href=\"https:\/\/www.zetaproje.com\/tr\/wp-content\/uploads\/2020\/07\/IPR10.jpg\" title=\"\" data-rl_title=\"\" class=\"rl-gallery-link\" data-rl_caption=\"\" data-rel=\"lightbox-gallery-1\"><img src=\"https:\/\/www.zetaproje.com\/tr\/wp-content\/uploads\/2020\/07\/IPR10.jpg\" width=\"1200\" height=\"1600\" alt=\"\" \/><\/a><\/div><div class=\"rl-gallery-item\"><a href=\"https:\/\/www.zetaproje.com\/tr\/wp-content\/uploads\/2020\/07\/IPR12.jpg\" title=\"\" data-rl_title=\"\" class=\"rl-gallery-link\" data-rl_caption=\"\" data-rel=\"lightbox-gallery-1\"><img src=\"https:\/\/www.zetaproje.com\/tr\/wp-content\/uploads\/2020\/07\/IPR12.jpg\" width=\"1200\" height=\"1600\" alt=\"\" \/><\/a><\/div><div class=\"rl-gallery-item\"><a href=\"https:\/\/www.zetaproje.com\/tr\/wp-content\/uploads\/2020\/07\/IPR13.jpg\" title=\"\" data-rl_title=\"\" class=\"rl-gallery-link\" data-rl_caption=\"\" data-rel=\"lightbox-gallery-1\"><img src=\"https:\/\/www.zetaproje.com\/tr\/wp-content\/uploads\/2020\/07\/IPR13.jpg\" width=\"1200\" height=\"1600\" alt=\"\" \/><\/a><\/div><div class=\"rl-gallery-item\"><a href=\"https:\/\/www.zetaproje.com\/tr\/wp-content\/uploads\/2020\/07\/IPR14.jpg\" title=\"\" data-rl_title=\"\" class=\"rl-gallery-link\" data-rl_caption=\"\" data-rel=\"lightbox-gallery-1\"><img src=\"https:\/\/www.zetaproje.com\/tr\/wp-content\/uploads\/2020\/07\/IPR14.jpg\" width=\"1200\" height=\"1600\" alt=\"\" \/><\/a><\/div><div class=\"rl-gallery-item\"><a href=\"https:\/\/www.zetaproje.com\/tr\/wp-content\/uploads\/2020\/07\/MAG-scaled.jpeg\" title=\"\" data-rl_title=\"\" class=\"rl-gallery-link\" data-rl_caption=\"\" data-rel=\"lightbox-gallery-1\"><img src=\"https:\/\/www.zetaproje.com\/tr\/wp-content\/uploads\/2020\/07\/MAG-scaled.jpeg\" width=\"2560\" height=\"1920\" alt=\"\" \/><\/a><\/div><div class=\"rl-gallery-item\"><a href=\"https:\/\/www.zetaproje.com\/tr\/wp-content\/uploads\/2020\/07\/MAG1-scaled.jpg\" title=\"\" data-rl_title=\"\" class=\"rl-gallery-link\" data-rl_caption=\"\" data-rel=\"lightbox-gallery-1\"><img src=\"https:\/\/www.zetaproje.com\/tr\/wp-content\/uploads\/2020\/07\/MAG1-scaled.jpg\" width=\"2560\" height=\"1912\" alt=\"\" \/><\/a><\/div><div class=\"rl-gallery-item\"><a href=\"https:\/\/www.zetaproje.com\/tr\/wp-content\/uploads\/2020\/07\/MAG2.jpg\" title=\"\" data-rl_title=\"\" class=\"rl-gallery-link\" data-rl_caption=\"\" data-rel=\"lightbox-gallery-1\"><img src=\"https:\/\/www.zetaproje.com\/tr\/wp-content\/uploads\/2020\/07\/MAG2.jpg\" width=\"716\" height=\"960\" alt=\"\" \/><\/a><\/div><div class=\"rl-gallery-item\"><a href=\"https:\/\/www.zetaproje.com\/tr\/wp-content\/uploads\/2020\/07\/MAG6.jpg\" title=\"\" data-rl_title=\"\" class=\"rl-gallery-link\" data-rl_caption=\"\" data-rel=\"lightbox-gallery-1\"><img src=\"https:\/\/www.zetaproje.com\/tr\/wp-content\/uploads\/2020\/07\/MAG6.jpg\" width=\"1024\" height=\"768\" alt=\"\" \/><\/a><\/div><div class=\"rl-gallery-item\"><a href=\"https:\/\/www.zetaproje.com\/tr\/wp-content\/uploads\/2020\/07\/ZETA1.jpg\" title=\"\" data-rl_title=\"\" class=\"rl-gallery-link\" data-rl_caption=\"\" data-rel=\"lightbox-gallery-1\"><img src=\"https:\/\/www.zetaproje.com\/tr\/wp-content\/uploads\/2020\/07\/ZETA1.jpg\" width=\"1530\" height=\"2048\" alt=\"\" \/><\/a><\/div><div class=\"rl-gallery-item\"><a href=\"https:\/\/www.zetaproje.com\/tr\/wp-content\/uploads\/2020\/07\/ZETA2.jpg\" title=\"\" data-rl_title=\"\" class=\"rl-gallery-link\" data-rl_caption=\"\" data-rel=\"lightbox-gallery-1\"><img src=\"https:\/\/www.zetaproje.com\/tr\/wp-content\/uploads\/2020\/07\/ZETA2.jpg\" width=\"1024\" height=\"768\" alt=\"\" \/><\/a><\/div><div class=\"rl-gallery-item\"><a href=\"https:\/\/www.zetaproje.com\/tr\/wp-content\/uploads\/2020\/07\/ZETA5-scaled.jpg\" title=\"\" data-rl_title=\"\" class=\"rl-gallery-link\" data-rl_caption=\"\" data-rel=\"lightbox-gallery-1\"><img src=\"https:\/\/www.zetaproje.com\/tr\/wp-content\/uploads\/2020\/07\/ZETA5-scaled.jpg\" width=\"2560\" height=\"1920\" alt=\"\" \/><\/a><\/div><div class=\"rl-gallery-item\"><a href=\"https:\/\/www.zetaproje.com\/tr\/wp-content\/uploads\/2020\/07\/DES1.jpg\" title=\"\" data-rl_title=\"\" class=\"rl-gallery-link\" data-rl_caption=\"\" data-rel=\"lightbox-gallery-1\"><img src=\"https:\/\/www.zetaproje.com\/tr\/wp-content\/uploads\/2020\/07\/DES1.jpg\" width=\"768\" height=\"1024\" alt=\"\" \/><\/a><\/div><div class=\"rl-gallery-item\"><a href=\"https:\/\/www.zetaproje.com\/tr\/wp-content\/uploads\/2020\/07\/DES2.jpg\" title=\"\" data-rl_title=\"\" class=\"rl-gallery-link\" data-rl_caption=\"\" data-rel=\"lightbox-gallery-1\"><img src=\"https:\/\/www.zetaproje.com\/tr\/wp-content\/uploads\/2020\/07\/DES2.jpg\" width=\"1024\" height=\"768\" alt=\"\" \/><\/a><\/div><div class=\"rl-gallery-item\"><a href=\"https:\/\/www.zetaproje.com\/tr\/wp-content\/uploads\/2020\/07\/GRAV1.jpg\" title=\"\" data-rl_title=\"\" class=\"rl-gallery-link\" data-rl_caption=\"\" data-rel=\"lightbox-gallery-1\"><img src=\"https:\/\/www.zetaproje.com\/tr\/wp-content\/uploads\/2020\/07\/GRAV1.jpg\" width=\"2048\" height=\"1530\" alt=\"\" \/><\/a><\/div><div class=\"rl-gallery-item\"><a href=\"https:\/\/www.zetaproje.com\/tr\/wp-content\/uploads\/2020\/07\/GRAV2.jpg\" title=\"\" data-rl_title=\"\" class=\"rl-gallery-link\" data-rl_caption=\"\" data-rel=\"lightbox-gallery-1\"><img src=\"https:\/\/www.zetaproje.com\/tr\/wp-content\/uploads\/2020\/07\/GRAV2.jpg\" width=\"2048\" height=\"1530\" alt=\"\" \/><\/a><\/div><div class=\"rl-gallery-item\"><a href=\"https:\/\/www.zetaproje.com\/tr\/wp-content\/uploads\/2020\/07\/IPR1-scaled.jpg\" title=\"\" data-rl_title=\"\" class=\"rl-gallery-link\" data-rl_caption=\"\" data-rel=\"lightbox-gallery-1\"><img src=\"https:\/\/www.zetaproje.com\/tr\/wp-content\/uploads\/2020\/07\/IPR1-scaled.jpg\" width=\"2560\" height=\"1912\" alt=\"\" \/><\/a><\/div> <\/div> <\/div>\n","protected":false},"excerpt":{"rendered":"<p>Faaliyetlerimiz \u2022 Metalik Maden Aramalar\u0131\u2022 Jeotermal enerji hammaddesi aramalar\u0131 \u2022 Yeralt\u0131 suyu aramalar\u0131 \u2022 End\u00fcstriyel hammadde aramalar\u0131 \u2022 K\u00f6m\u00fcr aramalar\u0131 \u2022 Fay et\u00fctleri \u2022 Mermer, kire\u00e7ta\u015f\u0131 ve yap\u0131 malzemeleri oca\u011f\u0131 et\u00fctleri \u2022 Karstik ve yeralt\u0131 bo\u015fluklar\u0131 et\u00fctleri \u2022 Petrol ve do\u011falgaz aramalar\u0131 Yer Elektrik Y\u00f6ntemleri &nbsp; \u2022 IP\/Rezistivite (IP\/R) \u2022 Kuyu i\u00e7i IP\/Rezistivite \u2022 Rezistivite [&hellip;]<\/p>\n","protected":false},"author":1,"featured_media":0,"parent":0,"menu_order":0,"comment_status":"closed","ping_status":"closed","template":"","meta":[],"_links":{"self":[{"href":"https:\/\/www.zetaproje.com\/tr\/wp-json\/wp\/v2\/pages\/352"}],"collection":[{"href":"https:\/\/www.zetaproje.com\/tr\/wp-json\/wp\/v2\/pages"}],"about":[{"href":"https:\/\/www.zetaproje.com\/tr\/wp-json\/wp\/v2\/types\/page"}],"author":[{"embeddable":true,"href":"https:\/\/www.zetaproje.com\/tr\/wp-json\/wp\/v2\/users\/1"}],"replies":[{"embeddable":true,"href":"https:\/\/www.zetaproje.com\/tr\/wp-json\/wp\/v2\/comments?post=352"}],"version-history":[{"count":11,"href":"https:\/\/www.zetaproje.com\/tr\/wp-json\/wp\/v2\/pages\/352\/revisions"}],"predecessor-version":[{"id":441,"href":"https:\/\/www.zetaproje.com\/tr\/wp-json\/wp\/v2\/pages\/352\/revisions\/441"}],"wp:attachment":[{"href":"https:\/\/www.zetaproje.com\/tr\/wp-json\/wp\/v2\/media?parent=352"}],"curies":[{"name":"wp","href":"https:\/\/api.w.org\/{rel}","templated":true}]}}