{"id":157,"date":"2020-06-27T12:04:36","date_gmt":"2020-06-27T09:04:36","guid":{"rendered":"https:\/\/zetaproje.com\/tr\/?page_id=157"},"modified":"2023-01-27T16:31:24","modified_gmt":"2023-01-27T13:31:24","slug":"danismanlik","status":"publish","type":"page","link":"https:\/\/www.zetaproje.com\/tr\/danismanlik\/","title":{"rendered":"DANI\u015eMANLIK"},"content":{"rendered":"\n<div class=\"is-layout-flex wp-container-5 wp-block-columns\">\n<div class=\"is-layout-flow wp-block-column\"><div class=\"wp-block-image\">\n<figure class=\"aligncenter size-large\"><img decoding=\"async\" loading=\"lazy\" width=\"150\" height=\"150\" src=\"https:\/\/zetaproje.com\/tr\/wp-content\/uploads\/2020\/09\/zeta-2.png\" alt=\"\" class=\"wp-image-700\"\/><\/figure><\/div><\/div>\n\n\n\n<div class=\"is-layout-flow wp-block-column\">\n<p>   <br>   <\/p>\n\n\n\n        <div class=\"mpb-modal-wrapper\" id=\"mpb-wrapper-638\" data-mpb-config=\"{&quot;id&quot;:638,&quot;showModal&quot;:&quot;onclick&quot;,&quot;animation&quot;:&quot;mpb-md-effect-1&quot;,&quot;delay&quot;:0}\">\r\n            <div class=\"mpb-md-modal mpb-modal-638 mpb-md-effect-1\"\r\n                id=\"modal-638\" role=\"dialog\" aria-modal=\"true\"\r\n                aria-labelledby=\"mpb-title-638\"                     style=\"display:none;\" >\r\n                <div class=\"mpb-md-content mpb-md-content-638\"\r\n                    style=\"background-color: #008EC2;\">\r\n                    <h3 id=\"mpb-title-638\" class=\"mbox-title text-center\"\r\n                        style=\"margin:0; padding:20px; font-weight:bolder; background:rgba(0,0,0,0.1);\">\r\n                        Proje Y\u00f6netimi                    <\/h3>\r\n                    <button type=\"button\" class=\"mpb-md-close mpb-close-x\"\r\n                        aria-label=\"Close modal\">&times;<\/button>\r\n                    <div class=\"mpb-content-body\">\r\n                        Dan\u0131\u015fman ve Proje Y\u00f6neticisi, uzmanl\u0131k alanlar\u0131 ve deneyimleri do\u011frultusunda jeofizik \u00e7al\u0131\u015fmalarda kullan\u0131lacak y\u00f6ntemlerin belirlenmesine, arazide yap\u0131lacak \u00e7al\u0131\u015fman\u0131n planlanmas\u0131na, organizasyona ve do\u011fru olarak sonu\u00e7lanmas\u0131na \u00e7ok \u00f6nemli katk\u0131lar sa\u011flamaktad\u0131r.                     <\/div>\r\n                    <div class=\"mpb-buttons text-center\">\r\n                        <button type=\"button\"\r\n                            class=\"mpb-btn btn-close-bg-638 mpb-text-center mpb-md-close\">\r\n                            Kapat                        <\/button>\r\n                    <\/div>\r\n                <\/div>\r\n            <\/div>\r\n\r\n                        <div class=\"mpb-md-overlay mpb-md-overlay-638\"                     style=\"display:none; background: rgba(0, 0, 0, 0.6);\"\r\n                >\r\n            <\/div>\r\n        <\/div><!-- \/.mpb-modal-wrapper -->\r\n\r\n                    <div class=\"mpb-trigger-wrap\">\r\n                <div class=\"mpb-md-trigger mpb-md-setperspective btn-bg-638 btn btn-lg mpb-text-center\"\r\n                    data-modal=\"modal-638\" role=\"button\" tabindex=\"0\" aria-haspopup=\"dialog\">\r\n                    Proje Yu00f6netimi                <\/div>\r\n            <\/div>\r\n                        <style id=\"mpb-style-638\">\r\n            \r\n            .mpb-modal-638 {\r\n                width: 60% !important;\r\n            }\r\n            .mpb-md-modal-638.mpb-md-content-638 {\r\n                height: 350px;\r\n                overflow-y: auto;\r\n                position: relative;\r\n                border-radius: 3px;\r\n                margin: 0 auto;\r\n            }\r\n            .btn-bg-638 {\r\n                background-color: #939393 !important;\r\n                color: #ffffff !important;\r\n                cursor: pointer;\r\n            }\r\n            .btn-bg-638:hover {\r\n                opacity: 0.9;\r\n            }\r\n            .btn-close-bg-638 {\r\n                background-color: #666666 !important;\r\n                color: #ffffff !important;\r\n                cursor: pointer;\r\n            }\r\n            .btn-close-bg-638:hover {\r\n                opacity: 0.9;\r\n            }\r\n            .mpb-close-x {\r\n                position: absolute;\r\n                top: 10px;\r\n                right: 14px;\r\n                background-color:  !important;\r\n                border: none;\r\n                font-size: 22px;\r\n                cursor: pointer;\r\n                color: #666666 !important;\r\n                line-height: 1;\r\n                padding: 4px 8px;\r\n                opacity: 0.7;\r\n                transition: all 0.2s ease;\r\n                border: 1px solid transparent;\r\n                border-radius: 4px;\r\n            }\r\n            .mpb-close-x:hover {\r\n                opacity: 1;\r\n                background-color:  !important;\r\n                border-color: #666666 !important;\r\n            }\r\n            #mpb-wrapper-638 .mpb-md-overlay {\r\n                background: rgba(0, 0, 0, 0.7) !important;\r\n            }\r\n            .mpb-content-body {\r\n                padding: 15px;\r\n            }\r\n            .mpb-buttons {\r\n                padding: 10px 15px 15px;\r\n            }\r\n            .mpb-trigger-wrap {\r\n                display: inline-block;\r\n            }\r\n            .md-content_638 {rn    background: #929191;rn}rn.md-content_638 > div {rntext-align: justify;rn}\r\n                <\/style>\r\n        \n<\/div>\n\n\n\n<div class=\"is-layout-flow wp-block-column\"><div class=\"wp-block-image\">\n<figure class=\"alignright size-large\"><img decoding=\"async\" loading=\"lazy\" width=\"150\" height=\"150\" src=\"https:\/\/zetaproje.com\/tr\/wp-content\/uploads\/2020\/09\/zeta-3.png\" alt=\"\" class=\"wp-image-701\"\/><\/figure><\/div><\/div>\n\n\n\n<div class=\"is-layout-flow wp-block-column\">\n<p>   <br>  <\/p>\n\n\n\n        <div class=\"mpb-modal-wrapper\" id=\"mpb-wrapper-639\" data-mpb-config=\"{&quot;id&quot;:639,&quot;showModal&quot;:&quot;onclick&quot;,&quot;animation&quot;:&quot;mpb-md-effect-1&quot;,&quot;delay&quot;:0}\">\r\n            <div class=\"mpb-md-modal mpb-modal-639 mpb-md-effect-1\"\r\n                id=\"modal-639\" role=\"dialog\" aria-modal=\"true\"\r\n                aria-labelledby=\"mpb-title-639\"                     style=\"display:none;\" >\r\n                <div class=\"mpb-md-content mpb-md-content-639\"\r\n                    style=\"background-color: #008EC2;\">\r\n                    <h3 id=\"mpb-title-639\" class=\"mbox-title text-center\"\r\n                        style=\"margin:0; padding:20px; font-weight:bolder; background:rgba(0,0,0,0.1);\">\r\n                        Veri Analizi                    <\/h3>\r\n                    <button type=\"button\" class=\"mpb-md-close mpb-close-x\"\r\n                        aria-label=\"Close modal\">&times;<\/button>\r\n                    <div class=\"mpb-content-body\">\r\n                        Araziden toplanan ham verilerin g\u00fcnl\u00fck olarak kalite analizinin (QA) ve kalite kontrol\u00fcn\u00fcn (QC) yap\u0131lmas\u0131 b\u00fcy\u00fck \u00f6nem arz etmektedir. Veri analiziyle yorumlaman\u0131n kalitesini etkileyebilecek sorunlar tan\u0131mlanarak a\u00e7\u0131klanmaktad\u0131r.                    <\/div>\r\n                    <div class=\"mpb-buttons text-center\">\r\n                        <button type=\"button\"\r\n                            class=\"mpb-btn btn-close-bg-639 mpb-text-center mpb-md-close\">\r\n                            Kapat                        <\/button>\r\n                    <\/div>\r\n                <\/div>\r\n            <\/div>\r\n\r\n                        <div class=\"mpb-md-overlay mpb-md-overlay-639\"                     style=\"display:none; background: rgba(0, 0, 0, 0.6);\"\r\n                >\r\n            <\/div>\r\n        <\/div><!-- \/.mpb-modal-wrapper -->\r\n\r\n                    <div class=\"mpb-trigger-wrap\">\r\n                <div class=\"mpb-md-trigger mpb-md-setperspective btn-bg-639 btn btn-lg mpb-text-center\"\r\n                    data-modal=\"modal-639\" role=\"button\" tabindex=\"0\" aria-haspopup=\"dialog\">\r\n                     Veri Analizi                <\/div>\r\n            <\/div>\r\n                        <style id=\"mpb-style-639\">\r\n            \r\n            .mpb-modal-639 {\r\n                width: 60% !important;\r\n            }\r\n            .mpb-md-modal-639.mpb-md-content-639 {\r\n                height: 350px;\r\n                overflow-y: auto;\r\n                position: relative;\r\n                border-radius: 3px;\r\n                margin: 0 auto;\r\n            }\r\n            .btn-bg-639 {\r\n                background-color: #939393 !important;\r\n                color: #ffffff !important;\r\n                cursor: pointer;\r\n            }\r\n            .btn-bg-639:hover {\r\n                opacity: 0.9;\r\n            }\r\n            .btn-close-bg-639 {\r\n                background-color: #666666 !important;\r\n                color: #ffffff !important;\r\n                cursor: pointer;\r\n            }\r\n            .btn-close-bg-639:hover {\r\n                opacity: 0.9;\r\n            }\r\n            .mpb-close-x {\r\n                position: absolute;\r\n                top: 10px;\r\n                right: 14px;\r\n                background-color:  !important;\r\n                border: none;\r\n                font-size: 22px;\r\n                cursor: pointer;\r\n                color: #666666 !important;\r\n                line-height: 1;\r\n                padding: 4px 8px;\r\n                opacity: 0.7;\r\n                transition: all 0.2s ease;\r\n                border: 1px solid transparent;\r\n                border-radius: 4px;\r\n            }\r\n            .mpb-close-x:hover {\r\n                opacity: 1;\r\n                background-color:  !important;\r\n                border-color: #666666 !important;\r\n            }\r\n            #mpb-wrapper-639 .mpb-md-overlay {\r\n                background: rgba(0, 0, 0, 0.7) !important;\r\n            }\r\n            .mpb-content-body {\r\n                padding: 15px;\r\n            }\r\n            .mpb-buttons {\r\n                padding: 10px 15px 15px;\r\n            }\r\n            .mpb-trigger-wrap {\r\n                display: inline-block;\r\n            }\r\n            .md-content_639 {rn    background: #929191;rn}rn.md-content_639 > div {rntext-align: justify;rn}\r\n                <\/style>\r\n        \n<\/div>\n<\/div>\n\n\n\n<div class=\"is-layout-flex wp-container-10 wp-block-columns\">\n<div class=\"is-layout-flow wp-block-column\"><div class=\"wp-block-image\">\n<figure class=\"alignright size-large\"><img decoding=\"async\" loading=\"lazy\" width=\"150\" height=\"150\" src=\"https:\/\/zetaproje.com\/tr\/wp-content\/uploads\/2020\/09\/zeta-4.png\" alt=\"\" class=\"wp-image-702\"\/><\/figure><\/div><\/div>\n\n\n\n<div class=\"is-layout-flow wp-block-column\">\n<p>   <br>  <\/p>\n\n\n\n        <div class=\"mpb-modal-wrapper\" id=\"mpb-wrapper-621\" data-mpb-config=\"{&quot;id&quot;:621,&quot;showModal&quot;:&quot;onclick&quot;,&quot;animation&quot;:&quot;mpb-md-effect-1&quot;,&quot;delay&quot;:0}\">\r\n            <div class=\"mpb-md-modal mpb-modal-621 mpb-md-effect-1\"\r\n                id=\"modal-621\" role=\"dialog\" aria-modal=\"true\"\r\n                aria-labelledby=\"mpb-title-621\"                     style=\"display:none;\" >\r\n                <div class=\"mpb-md-content mpb-md-content-621\"\r\n                    style=\"background-color: #008EC2;\">\r\n                    <h3 id=\"mpb-title-621\" class=\"mbox-title text-center\"\r\n                        style=\"margin:0; padding:20px; font-weight:bolder; background:rgba(0,0,0,0.1);\">\r\n                        Modelleme                    <\/h3>\r\n                    <button type=\"button\" class=\"mpb-md-close mpb-close-x\"\r\n                        aria-label=\"Close modal\">&times;<\/button>\r\n                    <div class=\"mpb-content-body\">\r\n                        Jeofizik aramalarda her profile ili\u015fkin \u00f6l\u00e7\u00fc noktalar\u0131ndaki en kaliteli verileri i\u00e7eren dosyaya ters \u00e7\u00f6z\u00fcm yaz\u0131l\u0131m\u0131 uygulanarak modelleme yap\u0131l\u0131r. Jeofiziksel verilerin do\u011fru modellenmesi arama ve sondaj hedeflemesi i\u00e7in \u00f6ng\u00f6r\u00fcler sa\u011flamaktad\u0131r.                    <\/div>\r\n                    <div class=\"mpb-buttons text-center\">\r\n                        <button type=\"button\"\r\n                            class=\"mpb-btn btn-close-bg-621 mpb-text-center mpb-md-close\">\r\n                            Kapat                        <\/button>\r\n                    <\/div>\r\n                <\/div>\r\n            <\/div>\r\n\r\n                        <div class=\"mpb-md-overlay mpb-md-overlay-621\"                     style=\"display:none; background: rgba(0, 0, 0, 0.6);\"\r\n                >\r\n            <\/div>\r\n        <\/div><!-- \/.mpb-modal-wrapper -->\r\n\r\n                    <div class=\"mpb-trigger-wrap\">\r\n                <div class=\"mpb-md-trigger mpb-md-setperspective btn-bg-621 btn btn-lg mpb-text-center\"\r\n                    data-modal=\"modal-621\" role=\"button\" tabindex=\"0\" aria-haspopup=\"dialog\">\r\n                     Modelleme                 <\/div>\r\n            <\/div>\r\n                        <style id=\"mpb-style-621\">\r\n            \r\n            .mpb-modal-621 {\r\n                width: 60% !important;\r\n            }\r\n            .mpb-md-modal-621.mpb-md-content-621 {\r\n                height: 350px;\r\n                overflow-y: auto;\r\n                position: relative;\r\n                border-radius: 3px;\r\n                margin: 0 auto;\r\n            }\r\n            .btn-bg-621 {\r\n                background-color: #939393 !important;\r\n                color: #ffffff !important;\r\n                cursor: pointer;\r\n            }\r\n            .btn-bg-621:hover {\r\n                opacity: 0.9;\r\n            }\r\n            .btn-close-bg-621 {\r\n                background-color: #666666 !important;\r\n                color: #ffffff !important;\r\n                cursor: pointer;\r\n            }\r\n            .btn-close-bg-621:hover {\r\n                opacity: 0.9;\r\n            }\r\n            .mpb-close-x {\r\n                position: absolute;\r\n                top: 10px;\r\n                right: 14px;\r\n                background-color:  !important;\r\n                border: none;\r\n                font-size: 22px;\r\n                cursor: pointer;\r\n                color: #666666 !important;\r\n                line-height: 1;\r\n                padding: 4px 8px;\r\n                opacity: 0.7;\r\n                transition: all 0.2s ease;\r\n                border: 1px solid transparent;\r\n                border-radius: 4px;\r\n            }\r\n            .mpb-close-x:hover {\r\n                opacity: 1;\r\n                background-color:  !important;\r\n                border-color: #666666 !important;\r\n            }\r\n            #mpb-wrapper-621 .mpb-md-overlay {\r\n                background: rgba(0, 0, 0, 0.7) !important;\r\n            }\r\n            .mpb-content-body {\r\n                padding: 15px;\r\n            }\r\n            .mpb-buttons {\r\n                padding: 10px 15px 15px;\r\n            }\r\n            .mpb-trigger-wrap {\r\n                display: inline-block;\r\n            }\r\n            .md-content_621 {rn    background: #929191;rn}rn.md-content_621 > div {rntext-align: justify;rn}\r\n                <\/style>\r\n        \n<\/div>\n\n\n\n<div class=\"is-layout-flow wp-block-column\"><div class=\"wp-block-image\">\n<figure class=\"alignright size-large\"><img decoding=\"async\" loading=\"lazy\" width=\"150\" height=\"150\" src=\"https:\/\/zetaproje.com\/tr\/wp-content\/uploads\/2020\/09\/zeta-1.png\" alt=\"\" class=\"wp-image-696\"\/><\/figure><\/div><\/div>\n\n\n\n<div class=\"is-layout-flow wp-block-column\">\n<p>   <br>  <\/p>\n\n\n\n        <div class=\"mpb-modal-wrapper\" id=\"mpb-wrapper-640\" data-mpb-config=\"{&quot;id&quot;:640,&quot;showModal&quot;:&quot;onclick&quot;,&quot;animation&quot;:&quot;mpb-md-effect-1&quot;,&quot;delay&quot;:0}\">\r\n            <div class=\"mpb-md-modal mpb-modal-640 mpb-md-effect-1\"\r\n                id=\"modal-640\" role=\"dialog\" aria-modal=\"true\"\r\n                aria-labelledby=\"mpb-title-640\"                     style=\"display:none;\" >\r\n                <div class=\"mpb-md-content mpb-md-content-640\"\r\n                    style=\"background-color: #008EC2;\">\r\n                    <h3 id=\"mpb-title-640\" class=\"mbox-title text-center\"\r\n                        style=\"margin:0; padding:20px; font-weight:bolder; background:rgba(0,0,0,0.1);\">\r\n                        Yorumlama                    <\/h3>\r\n                    <button type=\"button\" class=\"mpb-md-close mpb-close-x\"\r\n                        aria-label=\"Close modal\">&times;<\/button>\r\n                    <div class=\"mpb-content-body\">\r\n                        Araziden toplanan verilerden \u00fcretilen haritalar, kesitler veya de\u011fi\u015fim grafikleri uzman ve deneyimli bir dan\u0131\u015fman denetiminde de\u011ferlendirilerek ve yorumlanarak projenin geli\u015ftirilmesine, olumlu sonu\u00e7lanmas\u0131na ve m\u00fc\u015fterilerin proje hedeflerine ula\u015fmalar\u0131na \u00e7ok \u00f6nemli katk\u0131lar sa\u011flamaktad\u0131r.                    <\/div>\r\n                    <div class=\"mpb-buttons text-center\">\r\n                        <button type=\"button\"\r\n                            class=\"mpb-btn btn-close-bg-640 mpb-text-center mpb-md-close\">\r\n                            Kapat                        <\/button>\r\n                    <\/div>\r\n                <\/div>\r\n            <\/div>\r\n\r\n                        <div class=\"mpb-md-overlay mpb-md-overlay-640\"                     style=\"display:none; background: rgba(0, 0, 0, 0.6);\"\r\n                >\r\n            <\/div>\r\n        <\/div><!-- \/.mpb-modal-wrapper -->\r\n\r\n                    <div class=\"mpb-trigger-wrap\">\r\n                <div class=\"mpb-md-trigger mpb-md-setperspective btn-bg-640 btn btn-lg mpb-text-center\"\r\n                    data-modal=\"modal-640\" role=\"button\" tabindex=\"0\" aria-haspopup=\"dialog\">\r\n                    Yorumlama                <\/div>\r\n            <\/div>\r\n                        <style id=\"mpb-style-640\">\r\n            \r\n            .mpb-modal-640 {\r\n                width: 60% !important;\r\n            }\r\n            .mpb-md-modal-640.mpb-md-content-640 {\r\n                height: 350px;\r\n                overflow-y: auto;\r\n                position: relative;\r\n                border-radius: 3px;\r\n                margin: 0 auto;\r\n            }\r\n            .btn-bg-640 {\r\n                background-color: #939393 !important;\r\n                color: #ffffff !important;\r\n                cursor: pointer;\r\n            }\r\n            .btn-bg-640:hover {\r\n                opacity: 0.9;\r\n            }\r\n            .btn-close-bg-640 {\r\n                background-color: #666666 !important;\r\n                color: #ffffff !important;\r\n                cursor: pointer;\r\n            }\r\n            .btn-close-bg-640:hover {\r\n                opacity: 0.9;\r\n            }\r\n            .mpb-close-x {\r\n                position: absolute;\r\n                top: 10px;\r\n                right: 14px;\r\n                background-color:  !important;\r\n                border: none;\r\n                font-size: 22px;\r\n                cursor: pointer;\r\n                color: #666666 !important;\r\n                line-height: 1;\r\n                padding: 4px 8px;\r\n                opacity: 0.7;\r\n                transition: all 0.2s ease;\r\n                border: 1px solid transparent;\r\n                border-radius: 4px;\r\n            }\r\n            .mpb-close-x:hover {\r\n                opacity: 1;\r\n                background-color:  !important;\r\n                border-color: #666666 !important;\r\n            }\r\n            #mpb-wrapper-640 .mpb-md-overlay {\r\n                background: rgba(0, 0, 0, 0.7) !important;\r\n            }\r\n            .mpb-content-body {\r\n                padding: 15px;\r\n            }\r\n            .mpb-buttons {\r\n                padding: 10px 15px 15px;\r\n            }\r\n            .mpb-trigger-wrap {\r\n                display: inline-block;\r\n            }\r\n            .md-content_640 { background: #929191; } .btn-primary { background-color: #b7262c; !important } .md-content_640 > div { text-align: justify; }\r\n                <\/style>\r\n        \n<\/div>\n<\/div>\n","protected":false},"excerpt":{"rendered":"","protected":false},"author":1,"featured_media":0,"parent":0,"menu_order":0,"comment_status":"closed","ping_status":"closed","template":"","meta":[],"_links":{"self":[{"href":"https:\/\/www.zetaproje.com\/tr\/wp-json\/wp\/v2\/pages\/157"}],"collection":[{"href":"https:\/\/www.zetaproje.com\/tr\/wp-json\/wp\/v2\/pages"}],"about":[{"href":"https:\/\/www.zetaproje.com\/tr\/wp-json\/wp\/v2\/types\/page"}],"author":[{"embeddable":true,"href":"https:\/\/www.zetaproje.com\/tr\/wp-json\/wp\/v2\/users\/1"}],"replies":[{"embeddable":true,"href":"https:\/\/www.zetaproje.com\/tr\/wp-json\/wp\/v2\/comments?post=157"}],"version-history":[{"count":84,"href":"https:\/\/www.zetaproje.com\/tr\/wp-json\/wp\/v2\/pages\/157\/revisions"}],"predecessor-version":[{"id":784,"href":"https:\/\/www.zetaproje.com\/tr\/wp-json\/wp\/v2\/pages\/157\/revisions\/784"}],"wp:attachment":[{"href":"https:\/\/www.zetaproje.com\/tr\/wp-json\/wp\/v2\/media?parent=157"}],"curies":[{"name":"wp","href":"https:\/\/api.w.org\/{rel}","templated":true}]}}